{"id":272,"date":"2026-02-01T00:09:23","date_gmt":"2026-01-31T23:09:23","guid":{"rendered":"https:\/\/emobil1.de\/?post_type=product&#038;p=272"},"modified":"2026-05-05T15:14:31","modified_gmt":"2026-05-05T13:14:31","slug":"kabinenroller-45km-h-gut-ausgestattet","status":"publish","type":"product","link":"https:\/\/emobil1.de\/?product=kabinenroller-45km-h-gut-ausgestattet","title":{"rendered":"Kabinenroller 45km\/h, Gut ausgestattet"},"content":{"rendered":"<p>Demn\u00e4chst wieder verf\u00fcgbar sowie Probefahrt \/ Besichtigung m\u00f6glich!<br \/>\nTel. 0151 650 699 74<br \/>\nBaugleich wie Econelo &amp; Stormborn<\/p>\n<p>45 kmh mit FS der Klasse B oder AM zu fahren<\/p>\n<p>Heizung, R\u00fcckfahrkamera, Sonnendach, Heizung, L\u00fcftung, 2-Sitzer, 2\u20ac\/100 km,<\/p>\n<p>Praktisch, umweltfreundlich und komfortabel unterwegs \u2013 mit unserem Elektro-Kabinenroller f\u00fcr zwei Personen!<\/p>\n<p>Dieser wendige Kabinenroller bietet eine umweltbewusste und kosteng\u00fcnstige Alternative f\u00fcr Ihre allt\u00e4glichen Fahrten \u2013 und das ganz ohne Emissionen. Einfach an jeder handels\u00fcblichen Haushaltssteckdose aufladen und losfahren! Ob Sonne, Regen, Hagel oder Schnee \u2013 dank geschlossener Kabine sind Sie bei jedem Wetter sicher und gesch\u00fctzt unterwegs.<\/p>\n<p>Ideal f\u00fcr die Stadt: Sie genie\u00dfen volle Bewegungsfreiheit auch in Umweltzonen, da das Fahrzeug emissionsfrei f\u00e4hrt.<\/p>\n<p>Das intuitive Bedienkonzept mit Lenkrad und Fu\u00dfpedalen funktioniert \u00e4hnlich wie bei einem Auto<\/p>\n<p>Besonderheiten &amp; Ausstattung:<\/p>\n<p>R\u00fcckfahrkamera mit automatischer Anzeige im Cockpit<\/p>\n<p>Kraftvoller, wartungsfreier Elektroantrieb<\/p>\n<p>H\u00f6chstgeschwindigkeit 45kmh<\/p>\n<p>Reichweite circa 60 km<\/p>\n<p>Elektrische Fensterheber &amp; Frontscheibenwischer mit Waschfunktion<\/p>\n<p>Heizung &amp; Gebl\u00e4se f\u00fcr Komfort zu jeder Jahreszeit<\/p>\n<p>Scheibenbremsen vorne und hinten<\/p>\n<p>Verstellbarer Fahrersitz mit Dreipunktgurt<\/p>\n<p>R\u00fccksitzbank mit Beckengurt \u2013 ideal f\u00fcr eine zweite Person<\/p>\n<p>Glas-Aufstelldach und aufklappbare Heckscheibe<\/p>\n<p>Robuste Alufelgen<\/p>\n<p>Mediaplayer mit Bluetooth, MP3-Funktion &amp; integriertem SD-Kartenleser<\/p>\n<p>12V Kfz-Steckdose<\/p>\n<p>Zentralverriegelung mit zwei Fernbedienungsschl\u00fcsseln<\/p>\n<p>NEU-Fahrzeug<\/p>\n<p>Besichtigung nach vorheriger Absprache m\u00f6glich<\/p>\n<p>Noch Fragen\/Besichtigung\/Probefahrt\/Reservierung\/Kauf? Tel.\/Whatsapp 0151 650 699 74<br \/>\n*bis 50km freie Anlieferung (weitere Entfernung nach Absprache)<\/p>\n","protected":false},"excerpt":{"rendered":"<p>Demn\u00e4chst wieder verf\u00fcgbar sowie Probefahrt \/ Besichtigung m\u00f6glich! Tel. 0151 650 699 74 Baugleich wie Econelo &amp; Stormborn 45 kmh mit FS der Klasse B oder AM zu fahren Heizung, R\u00fcckfahrkamera, Sonnendach, Heizung, L\u00fcftung, 2-Sitzer, 2\u20ac\/100 km, Praktisch, umweltfreundlich und komfortabel unterwegs \u2013 mit unserem Elektro-Kabinenroller f\u00fcr zwei Personen! Dieser wendige Kabinenroller bietet eine umweltbewusste<\/p>\n<div class=\"more-link\">\n\t\t\t\t <a href=\"https:\/\/emobil1.de\/?product=kabinenroller-45km-h-gut-ausgestattet\" class=\"btn theme-btn\"><span>Weiterlesen <\/span><i class=\"icofont-thin-double-right\"><\/i><\/a>\n\t\t\t<\/div>\n","protected":false},"featured_media":381,"comment_status":"open","ping_status":"closed","template":"","meta":[],"product_brand":[],"product_cat":[21,22],"product_tag":[],"class_list":{"0":"post-272","1":"product","2":"type-product","3":"status-publish","4":"has-post-thumbnail","6":"product_cat-4-rad-fahrzeuge","7":"product_cat-fahrzeuge","9":"first","10":"instock","11":"shipping-taxable","12":"purchasable","13":"product-type-simple"},"jetpack_sharing_enabled":true,"_links":{"self":[{"href":"https:\/\/emobil1.de\/index.php?rest_route=\/wp\/v2\/product\/272","targetHints":{"allow":["GET"]}}],"collection":[{"href":"https:\/\/emobil1.de\/index.php?rest_route=\/wp\/v2\/product"}],"about":[{"href":"https:\/\/emobil1.de\/index.php?rest_route=\/wp\/v2\/types\/product"}],"replies":[{"embeddable":true,"href":"https:\/\/emobil1.de\/index.php?rest_route=%2Fwp%2Fv2%2Fcomments&post=272"}],"wp:featuredmedia":[{"embeddable":true,"href":"https:\/\/emobil1.de\/index.php?rest_route=\/wp\/v2\/media\/381"}],"wp:attachment":[{"href":"https:\/\/emobil1.de\/index.php?rest_route=%2Fwp%2Fv2%2Fmedia&parent=272"}],"wp:term":[{"taxonomy":"product_brand","embeddable":true,"href":"https:\/\/emobil1.de\/index.php?rest_route=%2Fwp%2Fv2%2Fproduct_brand&post=272"},{"taxonomy":"product_cat","embeddable":true,"href":"https:\/\/emobil1.de\/index.php?rest_route=%2Fwp%2Fv2%2Fproduct_cat&post=272"},{"taxonomy":"product_tag","embeddable":true,"href":"https:\/\/emobil1.de\/index.php?rest_route=%2Fwp%2Fv2%2Fproduct_tag&post=272"}],"curies":[{"name":"wp","href":"https:\/\/api.w.org\/{rel}","templated":true}]}}