{"id":193,"date":"2026-01-29T16:13:20","date_gmt":"2026-01-29T15:13:20","guid":{"rendered":"https:\/\/emobil1.de\/?post_type=product&#038;p=193"},"modified":"2026-04-03T22:06:19","modified_gmt":"2026-04-03T20:06:19","slug":"kabinenroller-3-rad-25-45kmh","status":"publish","type":"product","link":"https:\/\/emobil1.de\/?product=kabinenroller-3-rad-25-45kmh","title":{"rendered":"Kabinenroller 3-Rad, 25\/45Kmh"},"content":{"rendered":"<p>Kabinenroller HT2000<\/p>\n<p>Baugleich wie Econelo &amp; Stormborn<\/p>\n<p>45 kmh mit FS der Klasse B oder AM zu fahren<\/p>\n<p>oder<\/p>\n<p>25 kmh f\u00fchrerscheinfrei, wie ein Mofa, zu fahren<\/p>\n<p>Heizung, R\u00fcckfahrkamera, 2-Sitzer, 2\u20ac\/100 km, Fabrikneu<\/p>\n<p>Praktisch, umweltfreundlich und komfortabel unterwegs \u2013 mit unserem Elektro-Kabinenroller f\u00fcr zwei Personen!<\/p>\n<p>Dieser wendige Kabinenroller bietet eine umweltbewusste und kosteng\u00fcnstige Alternative f\u00fcr Ihre allt\u00e4glichen Fahrten \u2013 und das ganz ohne Emissionen. Einfach an jeder handels\u00fcblichen Haushaltssteckdose aufladen und losfahren! Ob Sonne, Regen, Hagel oder Schnee \u2013 dank geschlossener Kabine sind Sie bei jedem Wetter sicher und gesch\u00fctzt unterwegs.<\/p>\n<p>Ideal f\u00fcr die Stadt: Sie genie\u00dfen volle Bewegungsfreiheit auch in Umweltzonen, da das Fahrzeug emissionsfrei f\u00e4hrt.<\/p>\n<p>Das intuitive Bedienkonzept mit Rollerlenker und Gasgriff funktioniert \u00e4hnlich wie bei einem Motorroller \u2013 einfach und vertraut. Dank durchdachter Ergonomie l\u00e4sst sich das Fahrzeug auch bei eingeschr\u00e4nkter Mobilit\u00e4t in den Beinen problemlos steuern.<\/p>\n<p>Besonderheiten &amp; Ausstattung:<\/p>\n<p>R\u00fcckfahrkamera mit automatischer Anzeige im Cockpit<\/p>\n<p>Kraftvoller, wartungsfreier Elektroantrieb<\/p>\n<p>H\u00f6chstgeschwindigkeit 45kmh oder wahlweise 25kmh<\/p>\n<p>Reichweite circa 60 km<\/p>\n<p>Elektrische Fensterheber &amp; Frontscheibenwischer mit Waschfunktion<\/p>\n<p>Heizung &amp; Gebl\u00e4se f\u00fcr Komfort zu jeder Jahreszeit<\/p>\n<p>Scheibenbremsen vorne und hinten<\/p>\n<p>Verstellbarer Fahrersitz mit Dreipunktgurt<\/p>\n<p>R\u00fccksitzbank mit Beckengurt \u2013 ideal f\u00fcr eine zweite Person<\/p>\n<p>Glas-Aufstelldach und aufklappbare Heckscheibe<\/p>\n<p>Robuste Alufelgen<\/p>\n<p>Mediaplayer mit Bluetooth, MP3-Funktion &amp; integriertem SD-Kartenleser<\/p>\n<p>12V Kfz-Steckdose<\/p>\n<p>Zentralverriegelung mit zwei Fernbedienungsschl\u00fcsseln<\/p>\n<p>NEU-Fahrzeug<\/p>\n","protected":false},"excerpt":{"rendered":"<p>Lierfrist 8-12 Wochen, Kabinenroller, auch ohne F\u00fchrerschein zu fahren<\/p>\n","protected":false},"featured_media":194,"comment_status":"open","ping_status":"closed","template":"","meta":[],"product_brand":[],"product_cat":[17,22],"product_tag":[],"class_list":{"0":"post-193","1":"product","2":"type-product","3":"status-publish","4":"has-post-thumbnail","6":"product_cat-3-rad-kab","7":"product_cat-fahrzeuge","9":"first","10":"instock","11":"shipping-taxable","12":"purchasable","13":"product-type-simple"},"jetpack_sharing_enabled":true,"_links":{"self":[{"href":"https:\/\/emobil1.de\/index.php?rest_route=\/wp\/v2\/product\/193","targetHints":{"allow":["GET"]}}],"collection":[{"href":"https:\/\/emobil1.de\/index.php?rest_route=\/wp\/v2\/product"}],"about":[{"href":"https:\/\/emobil1.de\/index.php?rest_route=\/wp\/v2\/types\/product"}],"replies":[{"embeddable":true,"href":"https:\/\/emobil1.de\/index.php?rest_route=%2Fwp%2Fv2%2Fcomments&post=193"}],"wp:featuredmedia":[{"embeddable":true,"href":"https:\/\/emobil1.de\/index.php?rest_route=\/wp\/v2\/media\/194"}],"wp:attachment":[{"href":"https:\/\/emobil1.de\/index.php?rest_route=%2Fwp%2Fv2%2Fmedia&parent=193"}],"wp:term":[{"taxonomy":"product_brand","embeddable":true,"href":"https:\/\/emobil1.de\/index.php?rest_route=%2Fwp%2Fv2%2Fproduct_brand&post=193"},{"taxonomy":"product_cat","embeddable":true,"href":"https:\/\/emobil1.de\/index.php?rest_route=%2Fwp%2Fv2%2Fproduct_cat&post=193"},{"taxonomy":"product_tag","embeddable":true,"href":"https:\/\/emobil1.de\/index.php?rest_route=%2Fwp%2Fv2%2Fproduct_tag&post=193"}],"curies":[{"name":"wp","href":"https:\/\/api.w.org\/{rel}","templated":true}]}}