{"id":114,"date":"2026-01-28T19:39:09","date_gmt":"2026-01-28T18:39:09","guid":{"rendered":"https:\/\/emobil1.de\/?page_id=114"},"modified":"2026-02-09T21:42:16","modified_gmt":"2026-02-09T20:42:16","slug":"elementor-114","status":"publish","type":"page","link":"https:\/\/emobil1.de\/?page_id=114","title":{"rendered":"AGB&#8217;s"},"content":{"rendered":"\n<p><strong>Allgemeine Gesch\u00e4ftsbedingungen und Kundeninformationen<\/strong><br>I. Allgemeine Gesch\u00e4ftsbedingungen<br>\u00a7 1 Grundlegende Bestimmungen<br>(1) Die nachstehenden Gesch\u00e4ftsbedingungen gelten f\u00fcr alle Vertr\u00e4ge, die Sie mit uns als Anbieter Emobil1. \u00fcber die Internetseite www.Emobil1.de schlie\u00dfen. Soweit nicht anders vereinbart, wird der<br>Einbeziehung gegebenenfalls von Ihnen verwendeter eigener Bedingungen widersprochen.<br>(2) Verbraucher im Sinne der nachstehenden Regelungen ist jede nat\u00fcrliche Person, die ein Rechtsgesch\u00e4ft zu Zwecken abschlie\u00dft, die \u00fcberwiegend weder ihrer gewerblichen noch ihrer selbst\u00e4ndigen beruflichen T\u00e4tigkeit zugerechnet werden kann. Unternehmer ist jede nat\u00fcrliche oder juristische Person oder eine rechtsf\u00e4hige Personengesellschaft, die bei Abschluss eines Rechtsgesch\u00e4fts in Aus\u00fcbung ihrer selbst\u00e4ndigen beruflichen oder gewerblichen T\u00e4tigkeit handelt.<br>\u00a7 2 Zustandekommen des Vertrages<br>(1) Gegenstand des Vertrages ist der Verkauf von Waren und\/ oder die Erbringung von Reparaturleistungen.<br>Wir verkaufen die Ware teilweise oder ausschlie\u00dflich als Kommission\u00e4r in eigenem Namen auf fremde<br>Rechnung, das hei\u00dft f\u00fcr einen Dritten als Eigent\u00fcmer der Ware. Vertragspartner mit allen Rechten und Pflichten sind ungeachtet dessen wir.<br>(2) Bereits mit dem Einstellen des jeweiligen Produkts auf unserer Internetseite unterbreiten wir Ihnen ein<br>verbindliches Angebot zum Abschluss eines Vertrages zu den in der Artikelbeschreibung angegebenen<br>Bedingungen.<br>(3) Der Vertrag kommt \u00fcber das Online-Warenkorbsystem wie folgt zustande:<br>Die zum Kauf beabsichtigten Waren und\/ oder Reparaturleistungen werden im \u201cWarenkorb\u201d abgelegt. \u00dcber die entsprechende Schaltfl\u00e4che in der Navigationsleiste k\u00f6nnen Sie den \u201cWarenkorb\u201d aufrufen und dort jederzeit \u00c4nderungen vornehmen.<br>Nach Aufrufen der Seite \u201cKasse\u201d und der Eingabe der pers\u00f6nlichen Daten sowie der Zahlungs- und<br>Versandbedingungen werden abschlie\u00dfend nochmals alle Bestelldaten auf der Bestell\u00fcbersichtsseite angezeigt.<br>Soweit Sie als Zahlungsart ein Sofortzahl-System (z.B. PayPal \/ PayPal Express, Amazon-Payments, Postpay,<br>Sofort) nutzen, werden Sie entweder in unserem Online-Shop auf die Bestell\u00fcbersichtsseite gef\u00fchrt oder Sie werden zun\u00e4chst auf die Internetseite des Anbieters des Sofortzahl-Systems weitergeleitet.<br>Erfolgt die Weiterleitung zu dem jeweiligen Sofortzahl-System, nehmen Sie dort die entsprechende Auswahl bzw. Eingabe Ihrer Daten vor. Abschlie\u00dfend werden Sie zur\u00fcck in unseren Online-Shop auf die Bestell\u00fcbersichtsseite geleitet.<br>Vor Absenden der Bestellung haben Sie die M\u00f6glichkeit, hier s\u00e4mtliche Angaben nochmals zu \u00fcberpr\u00fcfen, zu \u00e4ndern (auch \u00fcber die Funktion \u201ezur\u00fcck\u201d des Internetbrowsers) bzw. den Kauf abzubrechen.<br>Mit dem Absenden der Bestellung \u00fcber die Schaltfl\u00e4che \u201ckaufen\u201d erkl\u00e4ren Sie rechtsverbindlich die Annahme des Angebotes, wodurch der Vertrag zustande kommt.<br>(4) Ihre Anfragen zur Erstellung eines Angebotes sind f\u00fcr Sie unverbindlich. Wir unterbreiten Ihnen hierzu ein verbindliches Angebot in Textform (z.B. per E-Mail), welches Sie innerhalb von 5 Tagen annehmen k\u00f6nnen.<br>(5) Die Abwicklung der Bestellung und \u00dcbermittlung aller im Zusammenhang mit dem Vertragsschluss<br>erforderlichen Informationen erfolgt per E-Mail zum Teil automatisiert. Sie haben deshalb sicherzustellen, dass die von Ihnen bei uns hinterlegte E-Mail-Adresse zutreffend ist, der Empfang der E-Mails technisch sichergestellt und insbesondere nicht durch SPAM-Filter verhindert wird.<br>\u00a7 3 Leistungserbringung bei Reparaturen<br>(1) Soweit Reparaturleistungen Vertragsgegenstand sind, schulden wir die sich aus der Leistungsbeschreibung ergebenden Reparaturarbeiten. Diese erbringen wir nach bestem Wissen und Gewissen pers\u00f6nlich oder durch Dritte.<br>(2) Sie sind zur Mitwirkung verpflichtet, insbesondere haben Sie den am Ger\u00e4t bestehenden Defekt so<br>umfassend als m\u00f6glich zu beschreiben und das defekte Ger\u00e4t zur Verf\u00fcgung zu stellen.<br>(3) Sie tragen die Kosten f\u00fcr die \u00dcbersendung des defekten Ger\u00e4tes an uns.<br>\u00a7 4 Zur\u00fcckbehaltungsrecht, Eigentumsvorbehalt<br>(1) Ein Zur\u00fcckbehaltungsrecht k\u00f6nnen Sie nur aus\u00fcben, soweit es sich um Forderungen aus demselben<br>Vertragsverh\u00e4ltnis handelt.<br>(2) Die Ware bleibt bis zur vollst\u00e4ndigen Zahlung des Kaufpreises unser Eigentum.<br>\u00a7 5 Gew\u00e4hrleistung<br>(1) Wir bieten und unterst\u00fctzen Hersteller Gew\u00e4hrleistungsverpflichtungen: 6 Monaten f\u00fcr Elektrische Teile und 1 Jahr f\u00fcr andere nicht elektrische Teile. Garantiefall nur akzeptiert wenn Fabrik Defekt best\u00e4tigt.<br>(2) Als Verbraucher werden Sie gebeten, die Sache bei Lieferung umgehend auf Vollst\u00e4ndigkeit, offensichtliche M\u00e4ngel und Transportsch\u00e4den zu \u00fcberpr\u00fcfen und uns sowie dem Spediteur Beanstandungen schnellstm\u00f6glich mitzuteilen. Kommen Sie dem nicht nach, hat dies keine Auswirkung auf Ihre gesetzlichen Gew\u00e4hrleistungsanspr\u00fcche.<br>\u00a7 6 Rechtswahl<br>(1) Es gilt deutsches Recht. Bei Verbrauchern gilt diese Rechtswahl nur, soweit hierdurch der durch zwingende Bestimmungen des Rechts des Staates des gew\u00f6hnlichen Aufenthaltes des Verbrauchers gew\u00e4hrte Schutz nicht entzogen wird (G\u00fcnstigkeitsprinzip).<br>(2) Die Bestimmungen des UN-Kaufrechts finden ausdr\u00fccklich keine Anwendung.<br>II. Kundeninformationen<\/p>\n\n\n\n<ol class=\"wp-block-list\">\n<li>Identit\u00e4t des Verk\u00e4ufers<br>Emobil1.de<br>Manuel Kucksdorf, Marienstr. 24<br>41836 H\u00fcckelhoven<br>Deutschland<br>Telefon: 0151-650 699 74<br>E-Mail:\u00a0<br>Alternative Streitbeilegung:<br>Die Europ\u00e4ische Kommission stellt eine Plattform f\u00fcr die au\u00dfergerichtliche Online-Streitbeilegung (OS-Plattform) bereit, aufrufbar unter https:\/\/ec.europa.eu\/odr.<\/li>\n\n\n\n<li>Informationen zum Zustandekommen des Vertrages<br>Die technischen Schritte zum Vertragsschluss, der Vertragsschluss selbst und die Korrekturm\u00f6glichkeiten erfolgen nach Ma\u00dfgabe der Regelungen \u201cZustandekommen des Vertrages\u201d unserer Allgemeinen Gesch\u00e4ftsbedingungen (Teil I.).<\/li>\n\n\n\n<li>Vertragssprache, Vertragstextspeicherung<br>3.1. Vertragssprache ist deutsch.<br>3.2. Der vollst\u00e4ndige Vertragstext wird von uns nicht gespeichert. Vor Absenden der Bestellung \u00fcber das Online \u2013 Warenkorbsystem k\u00f6nnen die Vertragsdaten \u00fcber die Druckfunktion des Browsers ausgedruckt oder elektronisch gesichert werden. Nach Zugang der Bestellung bei uns werden die Bestelldaten, die gesetzlich vorgeschriebenen Informationen bei Fernabsatzvertr\u00e4gen und die Allgemeinen Gesch\u00e4ftsbedingungen nochmals per E-Mail an Sie \u00fcbersandt.<br>3.3. Bei Angebotsanfragen au\u00dferhalb des Online-Warenkorbsystems erhalten Sie alle Vertragsdaten im Rahmen eines verbindlichen Angebotes in Textform \u00fcbersandt, z.B. per E-Mail, welche Sie ausdrucken oder elektronisch sichern k\u00f6nnen.<\/li>\n\n\n\n<li>Verhaltenskodizes<br>4.1. Wir haben uns den K\u00e4ufersiegel-Qualit\u00e4tskriterien der H\u00e4ndlerbund Management AG und damit<br>einhergehend dem Ecommerce Europe Trustmark Code of Conduct unterworfen, einsehbar unter:<br>https:\/\/www.haendlerbund.de\/images\/content\/kaeufersiegel\/kaeufersiegel-qualitatskriterien.pdf<\/li>\n\n\n\n<li>Wesentliche Merkmale der Ware oder Dienstleistung<br>Die wesentlichen Merkmale der Ware und\/oder Dienstleistung finden sich im jeweiligen Angebot.<\/li>\n\n\n\n<li>Preise und Zahlungsmodalit\u00e4ten<br>6.1. Die in den jeweiligen Angeboten angef\u00fchrten Preise sowie die Versandkosten stellen Gesamtpreise dar. Sie beinhalten alle Preisbestandteile einschlie\u00dflich aller anfallenden Steuern.<br>6.2. Die anfallenden Versandkosten sind nicht im Kaufpreis enthalten. Sie sind \u00fcber eine entsprechend bezeichnete Schaltfl\u00e4che auf unserer Internetpr\u00e4senz oder im jeweiligen Angebot aufrufbar, werden im Laufe des Bestellvorganges gesondert ausgewiesen und sind von Ihnen zus\u00e4tzlich zu tragen, soweit nicht die versandkostenfreie Lieferung zugesagt ist.<br>6.3. Erfolgt die Lieferung in L\u00e4nder au\u00dferhalb der Europ\u00e4ischen Union k\u00f6nnen von uns nicht zu vertretende weitere Kosten anfallen, wie z.B. Z\u00f6lle, Steuern oder Geld\u00fcbermittlungsgeb\u00fchren (\u00dcberweisungs- oder Wechselkursgeb\u00fchren der Kreditinstitute), die von Ihnen zu tragen sind. Entstandene Kosten der Geld\u00fcbermittlung sind von Ihnen auch in den F\u00e4llen zu tragen, in denen die Lieferung in einen EU-Mitgliedsstaat erfolgt, die Zahlung aber au\u00dferhalb der Europ\u00e4ischen Union veranlasst wurde.<br>6.4. Die Ihnen zur Verf\u00fcgung stehenden Zahlungsarten sind unter einer entsprechend bezeichneten Schaltfl\u00e4che auf unserer Internetpr\u00e4senz oder im jeweiligen Angebot ausgewiesen.<br>6.5. Soweit bei den einzelnen Zahlungsarten nicht anders angegeben, sind die Zahlungsanspr\u00fcche aus dem geschlossenen Vertrag sofort zur Zahlung f\u00e4llig.<\/li>\n\n\n\n<li>Lieferbedingungen<br>7.1. Die Lieferbedingungen, der Liefertermin sowie gegebenenfalls bestehende Lieferbeschr\u00e4nkungen finden sich unter einer entsprechend bezeichneten Schaltfl\u00e4che auf unserer Internetpr\u00e4senz oder im jeweiligen Angebot.<br>7.2. Soweit Sie Verbraucher sind ist gesetzlich geregelt, dass die Gefahr des zuf\u00e4lligen Untergangs und der zuf\u00e4lligen Verschlechterung der verkauften Sache w\u00e4hrend der Versendung erst mit der \u00dcbergabe der Ware an Sie \u00fcbergeht, unabh\u00e4ngig davon, ob die Versendung versichert oder unversichert erfolgt. Dies gilt nicht, wenn Sie eigenst\u00e4ndig ein nicht vom Unternehmer benanntes Transportunternehmen oder eine sonst zur Ausf\u00fchrung der Versendung bestimmte Person beauftragt haben.<\/li>\n\n\n\n<li>Gesetzliches M\u00e4ngelhaftungsrecht<br>Die M\u00e4ngelhaftung richtet sich nach der Regelung \u201cGew\u00e4hrleistung\u201d in unseren Allgemeinen Gesch\u00e4ftsbedingungen (Teil I). Diese AGB und Kundeninformationen wurden von den auf IT-Recht spezialisierten Juristen des H\u00e4ndlerbundes erstellt und werden permanent auf Rechtskonformit\u00e4t gepr\u00fcft. Die H\u00e4ndlerbund Management AG garantiert f\u00fcr die Rechtssicherheit der Texte und haftet im Falle von Abmahnungen. N\u00e4here Informationen dazu finden Sie unter: https:\/\/www.haendlerbund.de\/agb-service. letzte Aktualisierung: 19.11.2018<br>Widerrufsrecht f\u00fcr Verbraucher<br>(Verbraucher ist jede nat\u00fcrliche Person, die ein Rechtsgesch\u00e4ft zu Zwecken abschlie\u00dft, die \u00fcberwiegend weder ihrer gewerblichen noch ihrer selbstst\u00e4ndigen beruflichen T\u00e4tigkeit zugerechnet werden kann.)<br>Widerrufsbelehrung<br>Widerrufsrecht<br>Sie haben das Recht, binnen vierzehn Tagen ohne Angabe von Gr\u00fcnden diesen Vertrag zu widerrufen.<br>Die Widerrufsfrist betr\u00e4gt vierzehn Tage ab dem Tag,<br>\u2013 an dem Sie oder ein von Ihnen benannter Dritter, der nicht der Bef\u00f6rderer ist, die Waren in Besitz genommen haben bzw. hat, sofern Sie eine oder mehrere Waren im Rahmen einer einheitlichen Bestellung bestellt haben und diese einheitlich geliefert wird bzw. werden;<br>\u2013 an dem Sie oder ein von Ihnen benannter Dritter, der nicht der Bef\u00f6rderer ist, die letzte Ware in Besitz genommen haben bzw. hat, sofern Sie mehrere Waren im Rahmen einer einheitlichen Bestellung bestellt haben und diese getrennt geliefert werden;<br>\u2013 an dem Sie oder ein von Ihnen benannter Dritter, der nicht der Bef\u00f6rderer ist, die letzte Teilsendung oder das letzte St\u00fcck in Besitz genommen haben bzw. hat, sofern Sie eine Ware bestellt haben, die in mehreren Teilsendungen oder St\u00fccken geliefert wird;<br>Um Ihr Widerrufsrecht auszu\u00fcben, m\u00fcssen Sie uns (Emobil1.de, Manuel Kucksdorf, Marienstr. 24 41836 H\u00fcckelhoven) mittels einer eindeutigen Erkl\u00e4rung (z.B. ein mit der Post versandter Brief, Telefax oder E-Mail) \u00fcber Ihren Entschluss, diesen Vertrag zu widerrufen, informieren. Sie k\u00f6nnen daf\u00fcr das beigef\u00fcgte Muster-Widerrufsformular verwenden, das jedoch nicht vorgeschrieben ist.<br>Zur Wahrung der Widerrufsfrist reicht es aus, dass Sie die Mitteilung \u00fcber die Aus\u00fcbung des Widerrufsrechts vor Ablauf der Widerrufsfrist absenden.<br>Folgen des Widerrufs<br>Wenn Sie diesen Vertrag widerrufen, haben wir Ihnen alle Zahlungen, die wir von Ihnen erhalten haben, ausschlie\u00dflich der Lieferkosten (mit Ausnahme der zus\u00e4tzlichen Kosten, die sich daraus ergeben, dass Sie eine Montage und oder Umbauen gew\u00e4hlt haben), unverz\u00fcglich<br>und sp\u00e4testens binnen vierzehn Tagen ab dem Tag zur\u00fcckzuzahlen, an dem die Mitteilung \u00fcber Ihren Widerruf dieses Vertrags bei uns eingegangen ist. F\u00fcr diese R\u00fcckzahlung verwenden wir dasselbe Zahlungsmittel, das Sie bei der urspr\u00fcnglichen Transaktion eingesetzt haben, es sei denn, mit Ihnen wurde ausdr\u00fccklich etwas anderes vereinbart; in keinem Fall werden Ihnen wegen dieser R\u00fcckzahlung Entgelte berechnet.<br>Wir k\u00f6nnen die R\u00fcckzahlung verweigern, bis wir die Waren wieder zur\u00fcckerhalten haben oder bis Sie den Nachweis erbracht haben, dass Sie die Waren zur\u00fcckgesandt haben, je nachdem, welches der fr\u00fchere Zeitpunkt ist.<br>Sie haben die Waren unverz\u00fcglich und in jedem Fall sp\u00e4testens binnen vierzehn Tagen ab dem Tag, an dem Sie uns \u00fcber den Widerruf dieses Vertrags unterrichten, an uns zur\u00fcckzusenden oder zu \u00fcbergeben. Die Frist ist gewahrt, wenn Sie die Waren vor Ablauf der Frist von vierzehn Tagen absenden.<br>Sie tragen die unmittelbaren Kosten der R\u00fccksendung der Waren.<br>Sie m\u00fcssen f\u00fcr einen etwaigen Wertverlust der Waren nur aufkommen, wenn dieser Wertverlust auf einen zur Pr\u00fcfung der Beschaffenheit, Eigenschaften und Funktionsweise der Waren nicht notwendigen Umgang mit ihnen zur\u00fcckzuf\u00fchren ist.<br>Ausschluss- bzw. Erl\u00f6schensgr\u00fcnde<br>Das Widerrufsrecht besteht nicht bei Vertr\u00e4gen<br>\u2013 zur Lieferung von Waren, die nicht vorgefertigt sind und f\u00fcr deren Herstellung eine individuelle Auswahl oder Bestimmung durch den Verbraucher ma\u00dfgeblich ist oder die eindeutig auf die pers\u00f6nlichen Bed\u00fcrfnisse des Verbrauchers zugeschnitten sind;<br>\u2013 zur Lieferung von Waren, die schnell verderben k\u00f6nnen oder deren Verfallsdatum schnell \u00fcberschritten w\u00fcrde;<br>\u2013 zur Lieferung alkoholischer Getr\u00e4nke, deren Preis bei Vertragsschluss vereinbart wurde, die aber fr\u00fchestens 30 Tage nach Vertragsschluss geliefert werden k\u00f6nnen und deren aktueller Wert von Schwankungen auf dem Markt abh\u00e4ngt, auf die der Unternehmer keinen Einfluss hat;<br>\u2013 zur Lieferung von Zeitungen, Zeitschriften oder Illustrierten mit Ausnahme von Abonnement-Vertr\u00e4gen. Das Widerrufsrecht erlischt vorzeitig bei Vertr\u00e4gen<br>\u2013 zur Lieferung versiegelter Waren, die aus Gr\u00fcnden des Gesundheitsschutzes oder der Hygiene nicht zur R\u00fcckgabe geeignet sind, wenn ihre Versiegelung nach der Lieferung entfernt wurde;<br>\u2013 zur Lieferung von Waren, wenn diese nach der Lieferung aufgrund ihrer Beschaffenheit untrennbar mit anderen G\u00fctern vermischt wurden;<br>\u2013 zur Lieferung von Ton- oder Videoaufnahmen oder Computersoftware in einer versiegelten Packung, wenn die Versiegelung nach der Lieferung entfernt wurde. Muster-Widerrufsformular<br>(Wenn Sie den Vertrag widerrufen wollen, dann f\u00fcllen Sie bitte dieses Formular aus und senden Sie es zur\u00fcck.)<br>\u2013 An Emobil1.de, Manuel Kucksdorf, Marienstr. 24, 41836 H\u00fcckelhoven :<br>\u2013 Hiermit widerrufe(n) ich\/ wir (<em>) den von mir\/ uns (<\/em>) abgeschlossenen Vertrag \u00fcber den Kauf der folgenden Waren (<em>)\/ die Erbringung der folgenden Dienstleistung (<\/em>)<br>\u2013 Bestellt am (<em>)\/ erhalten am (<\/em>)<br>\u2013 Name des\/ der Verbraucher(s)<br>\u2013 Anschrift des\/ der Verbraucher(s)<br>\u2013 Unterschrift des\/ der Verbraucher(s) (nur bei Mitteilung auf Papier)<br>\u2013 Datum<br>(*) Unzutreffendes streichen.<\/li>\n<\/ol>\n\n\n\n<h1 class=\"wp-block-heading has-text-align-left\"><br><\/h1>\n\n\n\n<p><br><br><br><\/p>\n\n\n\n<p><br><br><br><br><\/p>\n\n\n\n<p><\/p>\n","protected":false},"excerpt":{"rendered":"<p>Allgemeine Gesch\u00e4ftsbedingungen und KundeninformationenI. Allgemeine Gesch\u00e4ftsbedingungen\u00a7 1 Grundlegende Bestimmungen(1) Die nachstehenden Gesch\u00e4ftsbedingungen gelten f\u00fcr alle Vertr\u00e4ge, die Sie mit uns als Anbieter Emobil1. \u00fcber die Internetseite www.Emobil1.de schlie\u00dfen. Soweit nicht anders vereinbart, wird derEinbeziehung gegebenenfalls von Ihnen verwendeter eigener Bedingungen widersprochen.(2) Verbraucher im Sinne der nachstehenden Regelungen ist jede nat\u00fcrliche Person, die ein Rechtsgesch\u00e4ft zu<\/p>\n<div class=\"more-link\">\n\t\t\t\t <a href=\"https:\/\/emobil1.de\/?page_id=114\" class=\"btn theme-btn\"><span>Weiterlesen <\/span><i class=\"icofont-thin-double-right\"><\/i><\/a>\n\t\t\t<\/div>\n","protected":false},"author":1,"featured_media":0,"parent":0,"menu_order":0,"comment_status":"closed","ping_status":"closed","template":"","meta":{"footnotes":""},"class_list":["post-114","page","type-page","status-publish","hentry"],"jetpack_sharing_enabled":true,"_links":{"self":[{"href":"https:\/\/emobil1.de\/index.php?rest_route=\/wp\/v2\/pages\/114","targetHints":{"allow":["GET"]}}],"collection":[{"href":"https:\/\/emobil1.de\/index.php?rest_route=\/wp\/v2\/pages"}],"about":[{"href":"https:\/\/emobil1.de\/index.php?rest_route=\/wp\/v2\/types\/page"}],"author":[{"embeddable":true,"href":"https:\/\/emobil1.de\/index.php?rest_route=\/wp\/v2\/users\/1"}],"replies":[{"embeddable":true,"href":"https:\/\/emobil1.de\/index.php?rest_route=%2Fwp%2Fv2%2Fcomments&post=114"}],"version-history":[{"count":9,"href":"https:\/\/emobil1.de\/index.php?rest_route=\/wp\/v2\/pages\/114\/revisions"}],"predecessor-version":[{"id":400,"href":"https:\/\/emobil1.de\/index.php?rest_route=\/wp\/v2\/pages\/114\/revisions\/400"}],"wp:attachment":[{"href":"https:\/\/emobil1.de\/index.php?rest_route=%2Fwp%2Fv2%2Fmedia&parent=114"}],"curies":[{"name":"wp","href":"https:\/\/api.w.org\/{rel}","templated":true}]}}